{"id":149,"date":"2020-03-19T09:44:30","date_gmt":"2020-03-19T08:44:30","guid":{"rendered":"https:\/\/caster.caliberthemes.com\/staging-creative-portfolio-dark\/?page_id=149"},"modified":"2024-12-04T21:38:01","modified_gmt":"2024-12-04T20:38:01","slug":"about-me","status":"publish","type":"page","link":"https:\/\/kellylioub.fr\/index.php\/about-me\/","title":{"rendered":"\u00c0 Propos"},"content":{"rendered":"\t\t<div data-elementor-type=\"wp-page\" data-elementor-id=\"149\" class=\"elementor elementor-149\">\n\t\t\t\t\t\t<section class=\"elementor-section elementor-top-section elementor-element elementor-element-0de06e2 elementor-section-boxed elementor-section-height-default elementor-section-height-default\" data-id=\"0de06e2\" data-element_type=\"section\" data-e-type=\"section\">\n\t\t\t\t\t\t<div class=\"elementor-container elementor-column-gap-default\">\n\t\t\t\t\t<div class=\"elementor-column elementor-col-100 elementor-top-column elementor-element elementor-element-f407501\" data-id=\"f407501\" data-element_type=\"column\" data-e-type=\"column\">\n\t\t\t<div class=\"elementor-widget-wrap elementor-element-populated\">\n\t\t\t\t\t\t<div class=\"elementor-element elementor-element-560aa4a elementor-widget elementor-widget-heading\" data-id=\"560aa4a\" data-element_type=\"widget\" data-e-type=\"widget\" data-widget_type=\"heading.default\">\n\t\t\t\t<div class=\"elementor-widget-container\">\n\t\t\t\t\t<h1 class=\"elementor-heading-title elementor-size-default\">Kelly Lioub, une directrice artistique <span class=\"accent-color\">cr\u00e9ative<\/span> pour vous aider \u00e0 d\u00e9velopper votre marque !<\/h1>\t\t\t\t<\/div>\n\t\t\t\t<\/div>\n\t\t\t\t\t<\/div>\n\t\t<\/div>\n\t\t\t\t\t<\/div>\n\t\t<\/section>\n\t\t\t\t<section class=\"elementor-section elementor-top-section elementor-element elementor-element-9bf0287 elementor-section-boxed elementor-section-height-default elementor-section-height-default\" data-id=\"9bf0287\" data-element_type=\"section\" data-e-type=\"section\">\n\t\t\t\t\t\t<div class=\"elementor-container elementor-column-gap-default\">\n\t\t\t\t\t<div class=\"elementor-column elementor-col-50 elementor-top-column elementor-element elementor-element-4251e1f\" data-id=\"4251e1f\" data-element_type=\"column\" data-e-type=\"column\">\n\t\t\t<div class=\"elementor-widget-wrap elementor-element-populated\">\n\t\t\t\t\t\t<div class=\"elementor-element elementor-element-4524f13 elementor-widget elementor-widget-image\" data-id=\"4524f13\" data-element_type=\"widget\" data-e-type=\"widget\" data-widget_type=\"image.default\">\n\t\t\t\t<div class=\"elementor-widget-container\">\n\t\t\t\t\t\t\t\t\t\t\t\t\t\t\t\t<a href=\"https:\/\/kellylioub.fr\/wp-content\/uploads\/2024\/01\/lioubchansky-kelly-cv-2024-desktop.pdf\">\n\t\t\t\t\t\t\t<img fetchpriority=\"high\" decoding=\"async\" width=\"800\" height=\"800\" src=\"https:\/\/kellylioub.fr\/wp-content\/uploads\/2022\/03\/toonme-insta1-e1741041900337.png\" class=\"attachment-full size-full wp-image-1218\" alt=\"\" \/>\t\t\t\t\t\t\t\t<\/a>\n\t\t\t\t\t\t\t\t\t\t\t\t\t\t\t<\/div>\n\t\t\t\t<\/div>\n\t\t\t\t\t<\/div>\n\t\t<\/div>\n\t\t\t\t<div class=\"elementor-column elementor-col-50 elementor-top-column elementor-element elementor-element-7075605\" data-id=\"7075605\" data-element_type=\"column\" data-e-type=\"column\">\n\t\t\t<div class=\"elementor-widget-wrap elementor-element-populated\">\n\t\t\t\t\t\t<div class=\"elementor-element elementor-element-068ebce elementor-widget elementor-widget-heading\" data-id=\"068ebce\" data-element_type=\"widget\" data-e-type=\"widget\" data-widget_type=\"heading.default\">\n\t\t\t\t<div class=\"elementor-widget-container\">\n\t\t\t\t\t<h2 class=\"elementor-heading-title elementor-size-default\">Bonjour !<\/h2>\t\t\t\t<\/div>\n\t\t\t\t<\/div>\n\t\t\t\t<div class=\"elementor-element elementor-element-a3de8c0 elementor-widget elementor-widget-text-editor\" data-id=\"a3de8c0\" data-element_type=\"widget\" data-e-type=\"widget\" data-widget_type=\"text-editor.default\">\n\t\t\t\t<div class=\"elementor-widget-container\">\n\t\t\t\t\t\t\t\t\t<p><span style=\"font-weight: 400;\">Appellez-moi Kelly Lioub !&nbsp;<\/span><span style=\"color: inherit; font-size: inherit; font-weight: inherit;\">Bas\u00e9e \u00e0 Paris, je travaille actuellement comme graphiste chez Atempo et en freelance. Mon exp\u00e9rience couvre une grande vari\u00e9t\u00e9 de domaines, dont l\u2019image de marque, la communication, la conception graphique, l\u2019illustration et bien plus encore.&nbsp;<\/span><\/p>\n<p><span style=\"font-weight: 400;\">J\u2018\u00e9tudie le monde du graphisme et de l\u2019illustration depuis une dizaine d\u2019ann\u00e9es. Je recherche en permanence de nouvelles sources de connaissances qui am\u00e9lioreront mes comp\u00e9tences !<\/span><\/p>\t\t\t\t\t\t\t\t<\/div>\n\t\t\t\t<\/div>\n\t\t\t\t<div class=\"elementor-element elementor-element-cf770ce elementor-widget elementor-widget-button\" data-id=\"cf770ce\" data-element_type=\"widget\" data-e-type=\"widget\" data-widget_type=\"button.default\">\n\t\t\t\t<div class=\"elementor-widget-container\">\n\t\t\t\t\t\t\t\t\t<div class=\"elementor-button-wrapper\">\n\t\t\t\t\t<a class=\"elementor-button elementor-button-link elementor-size-xl\" href=\"https:\/\/kellylioub.fr\/wp-content\/uploads\/2024\/12\/lioubchansky-kelly-cv-2025-desktop.pdf\" target=\"_blank\">\n\t\t\t\t\t\t<span class=\"elementor-button-content-wrapper\">\n\t\t\t\t\t\t<span class=\"elementor-button-icon\">\n\t\t\t\t<i aria-hidden=\"true\" class=\"far fa-file-alt\"><\/i>\t\t\t<\/span>\n\t\t\t\t\t\t\t\t\t<span class=\"elementor-button-text\">T\u00e9l\u00e9chargez mon CV<\/span>\n\t\t\t\t\t<\/span>\n\t\t\t\t\t<\/a>\n\t\t\t\t<\/div>\n\t\t\t\t\t\t\t\t<\/div>\n\t\t\t\t<\/div>\n\t\t\t\t<div class=\"elementor-element elementor-element-a89b21a elementor-widget elementor-widget-text-editor\" data-id=\"a89b21a\" data-element_type=\"widget\" data-e-type=\"widget\" data-widget_type=\"text-editor.default\">\n\t\t\t\t<div class=\"elementor-widget-container\">\n\t\t\t\t\t\t\t\t\t<h4><a href=\"https:\/\/kellylioub.fr\/index.php\/contact\/\">Contactez-moi <span style=\"text-decoration: underline;\">ici<\/span><\/a><\/h4>\t\t\t\t\t\t\t\t<\/div>\n\t\t\t\t<\/div>\n\t\t\t\t<div class=\"elementor-element elementor-element-7022431 elementor-widget elementor-widget-button\" data-id=\"7022431\" data-element_type=\"widget\" data-e-type=\"widget\" data-widget_type=\"button.default\">\n\t\t\t\t<div class=\"elementor-widget-container\">\n\t\t\t\t\t\t\t\t\t<div class=\"elementor-button-wrapper\">\n\t\t\t\t\t<a class=\"elementor-button elementor-button-link elementor-size-xl\" href=\"https:\/\/kellylioub.fr\/wp-content\/uploads\/2022\/07\/lioubchansky-kelly-portfolio-2022-desktop.pdf\">\n\t\t\t\t\t\t<span class=\"elementor-button-content-wrapper\">\n\t\t\t\t\t\t<span class=\"elementor-button-icon\">\n\t\t\t\t<i aria-hidden=\"true\" class=\"far fa-images\"><\/i>\t\t\t<\/span>\n\t\t\t\t\t\t\t\t\t<span class=\"elementor-button-text\">T\u00e9l\u00e9chargez mon Portfolio<\/span>\n\t\t\t\t\t<\/span>\n\t\t\t\t\t<\/a>\n\t\t\t\t<\/div>\n\t\t\t\t\t\t\t\t<\/div>\n\t\t\t\t<\/div>\n\t\t\t\t\t<\/div>\n\t\t<\/div>\n\t\t\t\t\t<\/div>\n\t\t<\/section>\n\t\t\t\t<section class=\"elementor-section elementor-top-section elementor-element elementor-element-bb8db20 elementor-section-content-middle elementor-section-boxed elementor-section-height-default elementor-section-height-default\" data-id=\"bb8db20\" data-element_type=\"section\" data-e-type=\"section\">\n\t\t\t\t\t\t<div class=\"elementor-container elementor-column-gap-wider\">\n\t\t\t\t\t<div class=\"elementor-column elementor-col-20 elementor-top-column elementor-element elementor-element-466427c\" data-id=\"466427c\" data-element_type=\"column\" data-e-type=\"column\">\n\t\t\t<div class=\"elementor-widget-wrap elementor-element-populated\">\n\t\t\t\t\t\t<div class=\"elementor-element elementor-element-af7dd30 elementor-widget elementor-widget-image\" data-id=\"af7dd30\" data-element_type=\"widget\" data-e-type=\"widget\" data-widget_type=\"image.default\">\n\t\t\t\t<div class=\"elementor-widget-container\">\n\t\t\t\t\t\t\t\t\t\t\t\t\t\t\t<img decoding=\"async\" width=\"300\" height=\"200\" src=\"https:\/\/kellylioub.fr\/wp-content\/uploads\/2022\/03\/lancome-logo-e1741042210143.png\" class=\"attachment-large size-large wp-image-1117\" alt=\"\" \/>\t\t\t\t\t\t\t\t\t\t\t\t\t\t\t<\/div>\n\t\t\t\t<\/div>\n\t\t\t\t\t<\/div>\n\t\t<\/div>\n\t\t\t\t<div class=\"elementor-column elementor-col-20 elementor-top-column elementor-element elementor-element-a0e53ab\" data-id=\"a0e53ab\" data-element_type=\"column\" data-e-type=\"column\">\n\t\t\t<div class=\"elementor-widget-wrap elementor-element-populated\">\n\t\t\t\t\t\t<div class=\"elementor-element elementor-element-70ebe3d elementor-widget elementor-widget-image\" data-id=\"70ebe3d\" data-element_type=\"widget\" data-e-type=\"widget\" data-widget_type=\"image.default\">\n\t\t\t\t<div class=\"elementor-widget-container\">\n\t\t\t\t\t\t\t\t\t\t\t\t\t\t\t<img decoding=\"async\" width=\"200\" height=\"64\" src=\"https:\/\/kellylioub.fr\/wp-content\/uploads\/2022\/03\/R-e1741042220884.png\" class=\"attachment-large size-large wp-image-1116\" alt=\"\" \/>\t\t\t\t\t\t\t\t\t\t\t\t\t\t\t<\/div>\n\t\t\t\t<\/div>\n\t\t\t\t\t<\/div>\n\t\t<\/div>\n\t\t\t\t<div class=\"elementor-column elementor-col-20 elementor-top-column elementor-element elementor-element-0162b9c\" data-id=\"0162b9c\" data-element_type=\"column\" data-e-type=\"column\">\n\t\t\t<div class=\"elementor-widget-wrap elementor-element-populated\">\n\t\t\t\t\t\t<div class=\"elementor-element elementor-element-4003b80 elementor-widget elementor-widget-image\" data-id=\"4003b80\" data-element_type=\"widget\" data-e-type=\"widget\" data-widget_type=\"image.default\">\n\t\t\t\t<div class=\"elementor-widget-container\">\n\t\t\t\t\t\t\t\t\t\t\t\t\t\t\t<img loading=\"lazy\" decoding=\"async\" width=\"150\" height=\"150\" src=\"https:\/\/kellylioub.fr\/wp-content\/uploads\/2022\/03\/Institut_du_monde_arabe_logo-150x150.png\" class=\"attachment-thumbnail size-thumbnail wp-image-1120\" alt=\"\" srcset=\"https:\/\/kellylioub.fr\/wp-content\/uploads\/2022\/03\/elementor\/thumbs\/Institut_du_monde_arabe_logo-plrw0i6jv6sz3qq6437pqueyoqdb44he4ufgrdlxss.png 150w, https:\/\/kellylioub.fr\/wp-content\/uploads\/2022\/03\/elementor\/thumbs\/Institut_du_monde_arabe_logo-e1741042182119-r2c4y5ikx8x2tsij57fsvose12fpo884o6mu5l2pls.png 80w\" sizes=\"(max-width: 150px) 100vw, 150px\" \/>\t\t\t\t\t\t\t\t\t\t\t\t\t\t\t<\/div>\n\t\t\t\t<\/div>\n\t\t\t\t\t<\/div>\n\t\t<\/div>\n\t\t\t\t<div class=\"elementor-column elementor-col-20 elementor-top-column elementor-element elementor-element-0b7def5\" data-id=\"0b7def5\" data-element_type=\"column\" data-e-type=\"column\">\n\t\t\t<div class=\"elementor-widget-wrap elementor-element-populated\">\n\t\t\t\t\t\t<div class=\"elementor-element elementor-element-c7e6635 elementor-widget elementor-widget-image\" data-id=\"c7e6635\" data-element_type=\"widget\" data-e-type=\"widget\" data-widget_type=\"image.default\">\n\t\t\t\t<div class=\"elementor-widget-container\">\n\t\t\t\t\t\t\t\t\t\t\t\t\t\t\t<img loading=\"lazy\" decoding=\"async\" width=\"200\" height=\"47\" src=\"https:\/\/kellylioub.fr\/wp-content\/uploads\/2022\/03\/Le_Figaro_logo.svg-e1741042233637.png\" class=\"attachment-full size-full wp-image-1115\" alt=\"\" \/>\t\t\t\t\t\t\t\t\t\t\t\t\t\t\t<\/div>\n\t\t\t\t<\/div>\n\t\t\t\t\t<\/div>\n\t\t<\/div>\n\t\t\t\t<div class=\"elementor-column elementor-col-20 elementor-top-column elementor-element elementor-element-41f4609\" data-id=\"41f4609\" data-element_type=\"column\" data-e-type=\"column\">\n\t\t\t<div class=\"elementor-widget-wrap elementor-element-populated\">\n\t\t\t\t\t\t<div class=\"elementor-element elementor-element-53443af elementor-widget elementor-widget-image\" data-id=\"53443af\" data-element_type=\"widget\" data-e-type=\"widget\" data-widget_type=\"image.default\">\n\t\t\t\t<div class=\"elementor-widget-container\">\n\t\t\t\t\t\t\t\t\t\t\t\t\t\t\t<img loading=\"lazy\" decoding=\"async\" width=\"200\" height=\"200\" src=\"https:\/\/kellylioub.fr\/wp-content\/uploads\/2022\/03\/larousse-logo-black-and-white-1-e1741042191646.png\" class=\"attachment-large size-large wp-image-1119\" alt=\"\" \/>\t\t\t\t\t\t\t\t\t\t\t\t\t\t\t<\/div>\n\t\t\t\t<\/div>\n\t\t\t\t\t<\/div>\n\t\t<\/div>\n\t\t\t\t\t<\/div>\n\t\t<\/section>\n\t\t\t\t<\/div>\n\t\t","protected":false},"excerpt":{"rendered":"<p>Kelly Lioub, une directrice artistique cr\u00e9ative pour vous aider \u00e0 d\u00e9velopper votre marque ! Bonjour ! Appellez-moi Kelly Lioub !&nbsp;Bas\u00e9e \u00e0 Paris, je travaille actuellement comme graphiste chez Atempo et en freelance. Mon exp\u00e9rience couvre une grande vari\u00e9t\u00e9 de domaines, dont l\u2019image de marque, la communication, la conception graphique, l\u2019illustration et bien plus encore.&nbsp; J\u2018\u00e9tudie [&hellip;]<\/p>\n","protected":false},"author":1,"featured_media":0,"parent":0,"menu_order":0,"comment_status":"closed","ping_status":"closed","template":"","meta":{"_monsterinsights_skip_tracking":false,"_monsterinsights_sitenote_active":false,"_monsterinsights_sitenote_note":"","_monsterinsights_sitenote_category":0,"footnotes":""},"class_list":["post-149","page","type-page","status-publish","hentry"],"aioseo_notices":[],"_links":{"self":[{"href":"https:\/\/kellylioub.fr\/index.php\/wp-json\/wp\/v2\/pages\/149","targetHints":{"allow":["GET"]}}],"collection":[{"href":"https:\/\/kellylioub.fr\/index.php\/wp-json\/wp\/v2\/pages"}],"about":[{"href":"https:\/\/kellylioub.fr\/index.php\/wp-json\/wp\/v2\/types\/page"}],"author":[{"embeddable":true,"href":"https:\/\/kellylioub.fr\/index.php\/wp-json\/wp\/v2\/users\/1"}],"replies":[{"embeddable":true,"href":"https:\/\/kellylioub.fr\/index.php\/wp-json\/wp\/v2\/comments?post=149"}],"version-history":[{"count":73,"href":"https:\/\/kellylioub.fr\/index.php\/wp-json\/wp\/v2\/pages\/149\/revisions"}],"predecessor-version":[{"id":2170,"href":"https:\/\/kellylioub.fr\/index.php\/wp-json\/wp\/v2\/pages\/149\/revisions\/2170"}],"wp:attachment":[{"href":"https:\/\/kellylioub.fr\/index.php\/wp-json\/wp\/v2\/media?parent=149"}],"curies":[{"name":"wp","href":"https:\/\/api.w.org\/{rel}","templated":true}]}}